{"id":4011,"date":"2019-05-30T14:18:48","date_gmt":"2019-05-30T14:18:48","guid":{"rendered":"http:\/\/poscardio.sites.uff.br\/?page_id=4011"},"modified":"2021-08-25T14:19:52","modified_gmt":"2021-08-25T14:19:52","slug":"ementas-das-disciplinas","status":"publish","type":"page","link":"https:\/\/poscardio.uff.br\/?page_id=4011","title":{"rendered":""},"content":{"rendered":"\n<p style=\"font-size:15px\"><em><strong>Bioestat\u00edstica I (2 Cr\u00e9ditos Te\u00f3ricos &#8211; 30h) &#8211; Disciplina Obrigat\u00f3ria do Mestrado e do Doutorado &#8211; C\u00f3digo: CMM.10792 <\/strong><\/em><\/p>\n\n\n\n<p>A disciplina objetiva fornecer os conceitos b\u00e1sicos de bioestat\u00edstica no contexto da metodologia cient\u00edfica visando a escolha dos testes adequados e interpreta\u00e7\u00e3o cr\u00edtica dos seus resultados. Estat\u00edstica descritiva e inferencial; Curva normal; Estat\u00edstica param\u00e9trica e n\u00e3o-param\u00e9trica; Testes de compara\u00e7\u00e3o e de testes de associa\u00e7\u00e3o.<\/p>\n\n\n\n<p><\/p>\n\n\n\n<p style=\"font-size:15px\"><strong><em>Bioestat\u00edstica II (2 Cr\u00e9ditos Te\u00f3ricos &#8211; 30h) &#8211; Disciplina Obrigat\u00f3ria do Doutorado &#8211; C\u00f3digo: CMM.<\/em><\/strong><em><strong>10793 <\/strong><\/em><\/p>\n\n\n\n<p>Estat\u00edstica Descritiva: vari\u00e1veis, banco de dados, organiza\u00e7\u00e3o de dados, frequ\u00eancias, medidas de tend\u00eancia central, medidas de dispers\u00e3o, apresenta\u00e7\u00e3o de resultados em tabelas e figuras. Bases da estat\u00edstica inferencial: distribui\u00e7\u00f5es de frequ\u00eancias, erro padr\u00e3o, infer\u00eancia sobre uma m\u00e9dia, testes de hip\u00f3teses, erro tipo I, erro tipo II, poder, intervalo de confian\u00e7a, infer\u00eancia sobre duas m\u00e9dias, Infer\u00eancia sobre duas propor\u00e7\u00f5es. T\u00e9cnicas de amostragem e c\u00e1lculo de tamanho amostral. An\u00e1lise de vari\u00e2ncia simples e multifatorial. Estat\u00edstica n\u00e3o-param\u00e9trica. No\u00e7\u00f5es de correla\u00e7\u00e3o e regress\u00e3o linear.<\/p>\n\n\n\n<p><\/p>\n\n\n\n<p style=\"font-size:15px\"><strong><em>Biologia Celular e Molecular (4 Cr\u00e9ditos Te\u00f3ricos &#8211; 60h) &#8211; Disciplina Obrigat\u00f3ria do Doutorado &#8211; C\u00f3digo:<\/em><\/strong> <strong><em>CMM.10796<\/em><\/strong> <\/p>\n\n\n\n<p>Introdu\u00e7\u00e3o \u00e0 biologia celular e molecular; conceitos gerais em gen\u00e9tica; replica\u00e7\u00e3o, transcri\u00e7\u00e3o e tradu\u00e7\u00e3o; epigen\u00e9tica; muta\u00e7\u00e3o e polimorfismo; no\u00e7\u00f5es de t\u00e9cnicas em biologia celular e molecular: PCR e PCR real time, RNA de interfer\u00eancia, Western Blotting, Imunomarca\u00e7\u00e3o e cultura de c\u00e9lulas.<\/p>\n\n\n\n<p><\/p>\n\n\n\n<p style=\"font-size:15px\"><em><strong>Did\u00e1tica e Pedagogia M\u00e9dica (4 Cr\u00e9ditos Te\u00f3ricos &#8211; 60h) &#8211; Disciplina Obrigat\u00f3ria do Mestrado e do Doutorado &#8211; C\u00f3digo: <\/strong><\/em><strong><em>CMM<\/em><\/strong>.<em><strong>10794<\/strong><\/em><\/p>\n\n\n\n<p>A disciplina discute os princ\u00edpios fundamentais do processo ensino-aprendizagem e sua rela\u00e7\u00e3o com a forma\u00e7\u00e3o humana e profissional, objetivando a prepara\u00e7\u00e3o para a atividade docente dentro de uma perspectiva de aprimoramento t\u00e9cnico continuado e respeito \u00e0 individualidade e \u00e0 \u00e9tica humana.<\/p>\n\n\n\n<p><\/p>\n\n\n\n<p style=\"font-size:15px\"><strong><em>Est\u00e1gio de Doc\u00eancia (Carga Hor\u00e1ria=60h\/semestre &#8211; Te\u00f3rico: 20h e Trabalho Orientado\/Est\u00e1gio Supervisionado: 40h ) &#8211; Disciplina Obrigat\u00f3ria para alunos aprovados em processos seletivos a partir de 2018\/1 (Mestrado) e 2017\/1 (Doutorado) &#8211; C\u00f3digo: CMM.10812<\/em><\/strong><\/p>\n\n\n\n<p>Clique<a href=\"https:\/\/poscardio.uff.br\/wp-content\/uploads\/sites\/14\/2021\/03\/DISCIPLINA-DE-EST\u00c1GIO-DE-DOC\u00caNCIA-PPGCCV-vagas-atualizadas-convertido.pdf\"> aqui<\/a> para baixar o documento com orienta\u00e7\u00f5es sobre a disciplina.<\/p>\n\n\n\n<p><\/p>\n\n\n\n<p style=\"font-size:15px\"><strong><em>Fisiopatologia Cardiovascular<\/em><\/strong> (<strong><em>4 Cr\u00e9ditos Te\u00f3ricos &#8211; 60h)<\/em><\/strong><em><strong> &#8211; Disciplina Obrigat\u00f3ria do Mestrado e do Doutorado &#8211; C\u00f3digo: <\/strong><\/em><strong><em>CMM.10795<\/em><\/strong><\/p>\n\n\n\n<p>A disciplina aborda os principais processos fisiopatol\u00f3gicos das doen\u00e7as cardiovasculares, incluindo os dom\u00ednios molecular, imunol\u00f3gico, inflamat\u00f3rio, degenerativo e neuroend\u00f3crino, visando integrar o conhecimento das \u00e1reas b\u00e1sicas e aplicadas para estimular o senso cr\u00edtico e a iniciativa na proposi\u00e7\u00e3o de modelos de investiga\u00e7\u00e3o.<\/p>\n\n\n\n<p><em><strong>Metodologia da Pesquisa Cient\u00edfica (4 Cr\u00e9ditos Te\u00f3ricos &#8211; 60h) <\/strong><\/em> <br><em><strong>Disciplina Obrigat\u00f3ria do Mestrado e do Doutorado &#8211; C\u00f3digo: CMM.10791 <\/strong><\/em><\/p>\n\n\n\n<p>A disciplina discute a l\u00f3gica do pensamento cient\u00edfico e suas alternativas objetivando fornecer os conceitos b\u00e1sicos e praticar os processos de montagem de um projeto de pesquisa, de reda\u00e7\u00e3o de artigos cient\u00edficos e de an\u00e1lise cr\u00edtica da literatura.<\/p>\n\n\n\n<p style=\"font-size:15px\"><strong><em>Semin\u00e1rios de Acompanhamento das Linhas de Pesquisa I (14 Cr\u00e9ditos Te\u00f3rico-Pr\u00e1ticos &#8211; 260h) &#8211; Disciplina Obrigat\u00f3ria do Mestrado e do Doutorado &#8211; C\u00f3digo: CMM.10797<\/em><\/strong><\/p>\n\n\n\n<p>A disciplina utiliza uma abordagem te\u00f3rico-pr\u00e1tica para estimular o desenvolvimento e a integra\u00e7\u00e3o das diferentes linhas de pesquisa visando o crescimento da qualidade individual dos projetos e da coer\u00eancia interna do Programa.<\/p>\n\n\n\n<p><\/p>\n\n\n\n<p style=\"font-size:15px\"><strong><em>Semin\u00e1rios de Acompanhamento das Linhas de Pesquisa II (14 Cr\u00e9ditos Te\u00f3rico-Pr\u00e1ticos &#8211; 260h) &#8211; Disciplina Obrigat\u00f3ria do Doutorado &#8211; C\u00f3digo: CMM.10798<\/em><\/strong><\/p>\n\n\n\n<p>A disciplina complementa outra de mesmo nome e tamb\u00e9m utiliza uma abordagem te\u00f3rico-pr\u00e1tica para estimular o desenvolvimento e a integra\u00e7\u00e3o das diferentes linhas de pesquisa visando o crescimento da qualidade individual dos projetos e da coer\u00eancia interna do Programa.<\/p>\n\n\n\n<p><\/p>\n","protected":false},"excerpt":{"rendered":"<p>Bioestat\u00edstica I (2 Cr\u00e9ditos Te\u00f3ricos &#8211; 30h) &#8211; Disciplina Obrigat\u00f3ria do Mestrado e do Doutorado &#8211; C\u00f3digo: CMM.10792 A disciplina objetiva fornecer os conceitos b\u00e1sicos de bioestat\u00edstica no contexto da metodologia cient\u00edfica visando a escolha dos testes adequados e interpreta\u00e7\u00e3o cr\u00edtica dos seus resultados. Estat\u00edstica descritiva e inferencial; Curva normal; Estat\u00edstica param\u00e9trica e n\u00e3o-param\u00e9trica; Testes [&hellip;]<\/p>\n","protected":false},"author":129,"featured_media":0,"parent":0,"menu_order":0,"comment_status":"closed","ping_status":"closed","template":"","meta":{"_et_pb_use_builder":"","_et_pb_old_content":"","_et_gb_content_width":"","_exactmetrics_skip_tracking":false,"_exactmetrics_sitenote_active":false,"_exactmetrics_sitenote_note":"","_exactmetrics_sitenote_category":0,"footnotes":""},"class_list":["post-4011","page","type-page","status-publish","hentry"],"_links":{"self":[{"href":"https:\/\/poscardio.uff.br\/index.php?rest_route=\/wp\/v2\/pages\/4011","targetHints":{"allow":["GET"]}}],"collection":[{"href":"https:\/\/poscardio.uff.br\/index.php?rest_route=\/wp\/v2\/pages"}],"about":[{"href":"https:\/\/poscardio.uff.br\/index.php?rest_route=\/wp\/v2\/types\/page"}],"author":[{"embeddable":true,"href":"https:\/\/poscardio.uff.br\/index.php?rest_route=\/wp\/v2\/users\/129"}],"replies":[{"embeddable":true,"href":"https:\/\/poscardio.uff.br\/index.php?rest_route=%2Fwp%2Fv2%2Fcomments&post=4011"}],"version-history":[{"count":22,"href":"https:\/\/poscardio.uff.br\/index.php?rest_route=\/wp\/v2\/pages\/4011\/revisions"}],"predecessor-version":[{"id":5443,"href":"https:\/\/poscardio.uff.br\/index.php?rest_route=\/wp\/v2\/pages\/4011\/revisions\/5443"}],"wp:attachment":[{"href":"https:\/\/poscardio.uff.br\/index.php?rest_route=%2Fwp%2Fv2%2Fmedia&parent=4011"}],"curies":[{"name":"wp","href":"https:\/\/api.w.org\/{rel}","templated":true}]}}