{"id":5424,"date":"2021-08-20T12:22:01","date_gmt":"2021-08-20T12:22:01","guid":{"rendered":"http:\/\/poscardio.sites.uff.br\/?page_id=5424"},"modified":"2021-08-20T12:25:43","modified_gmt":"2021-08-20T12:25:43","slug":"estagio-de-docencia","status":"publish","type":"page","link":"https:\/\/poscardio.uff.br\/?page_id=5424","title":{"rendered":"Est\u00e1gio de Doc\u00eancia"},"content":{"rendered":"\n<p>Clique <a href=\"https:\/\/poscardio.uff.br\/wp-content\/uploads\/sites\/14\/2021\/08\/DISCIPLINA-DE-EST\u00c1GIO-DE-DOC\u00caNCIA-PPGCCV-vagas-atualizadas-1.pdf\">aqui <\/a>para baixar as orienta\u00e7\u00f5es sobre a disciplina Est\u00e1gio de Doc\u00eancia.<\/p>\n","protected":false},"excerpt":{"rendered":"<p>Clique aqui para baixar as orienta\u00e7\u00f5es sobre a disciplina Est\u00e1gio de Doc\u00eancia.<\/p>\n","protected":false},"author":129,"featured_media":0,"parent":0,"menu_order":0,"comment_status":"closed","ping_status":"closed","template":"","meta":{"_et_pb_use_builder":"","_et_pb_old_content":"","_et_gb_content_width":"","_exactmetrics_skip_tracking":false,"_exactmetrics_sitenote_active":false,"_exactmetrics_sitenote_note":"","_exactmetrics_sitenote_category":0,"footnotes":""},"class_list":["post-5424","page","type-page","status-publish","hentry"],"_links":{"self":[{"href":"https:\/\/poscardio.uff.br\/index.php?rest_route=\/wp\/v2\/pages\/5424","targetHints":{"allow":["GET"]}}],"collection":[{"href":"https:\/\/poscardio.uff.br\/index.php?rest_route=\/wp\/v2\/pages"}],"about":[{"href":"https:\/\/poscardio.uff.br\/index.php?rest_route=\/wp\/v2\/types\/page"}],"author":[{"embeddable":true,"href":"https:\/\/poscardio.uff.br\/index.php?rest_route=\/wp\/v2\/users\/129"}],"replies":[{"embeddable":true,"href":"https:\/\/poscardio.uff.br\/index.php?rest_route=%2Fwp%2Fv2%2Fcomments&post=5424"}],"version-history":[{"count":2,"href":"https:\/\/poscardio.uff.br\/index.php?rest_route=\/wp\/v2\/pages\/5424\/revisions"}],"predecessor-version":[{"id":5428,"href":"https:\/\/poscardio.uff.br\/index.php?rest_route=\/wp\/v2\/pages\/5424\/revisions\/5428"}],"wp:attachment":[{"href":"https:\/\/poscardio.uff.br\/index.php?rest_route=%2Fwp%2Fv2%2Fmedia&parent=5424"}],"curies":[{"name":"wp","href":"https:\/\/api.w.org\/{rel}","templated":true}]}}