{"id":6383,"date":"2023-08-04T13:00:59","date_gmt":"2023-08-04T13:00:59","guid":{"rendered":"http:\/\/poscardio.sites.uff.br\/?page_id=6383"},"modified":"2024-09-02T15:57:23","modified_gmt":"2024-09-02T15:57:23","slug":"programa-md-phd-de-medicina-da-uff","status":"publish","type":"page","link":"https:\/\/poscardio.uff.br\/?page_id=6383","title":{"rendered":"PROGRAMA MD-PhD"},"content":{"rendered":"\n<p class=\"has-text-align-center\"><strong>Edital PPGCCV n<sup>o<\/sup>&nbsp;004-2024<\/strong><\/p>\n\n\n\n<p class=\"has-text-align-center\"><strong>Chamada para Processo Seletivo MD-PhD 2024<\/strong><\/p>\n\n\n\n<p class=\"has-text-align-center\"><strong>PROCESSO SELETIVO CONJUNTO DO PROGRAMA DE INICIA\u00c7\u00c3O CIENT\u00cdFICA E DOS PROGRAMAS DE P\u00d3S-GRADUA\u00c7\u00c3O EM CI\u00caNCIAS CARDIOVASCULARES E EM CI\u00caNCIAS M\u00c9DICAS PARA A INSCRI\u00c7\u00c3O NO PROGRAMA DE TREINAMENTO CIENT\u00cdFICO (PTC) \u2013 PROGRAMA MD-PhD \u2013 CURSO DE MEDICINA UFF<\/strong><\/p>\n\n\n\n<figure class=\"wp-block-image size-large\"><img loading=\"lazy\" decoding=\"async\" width=\"724\" height=\"1024\" src=\"https:\/\/poscardio.uff.br\/wp-content\/uploads\/sites\/14\/2024\/08\/Cartaz-divulgacao-MD-PhD-2024.2-1-724x1024.png\" alt=\"\" class=\"wp-image-6974\" srcset=\"https:\/\/poscardio.uff.br\/wp-content\/uploads\/sites\/14\/2024\/08\/Cartaz-divulgacao-MD-PhD-2024.2-1-724x1024.png 724w, https:\/\/poscardio.uff.br\/wp-content\/uploads\/sites\/14\/2024\/08\/Cartaz-divulgacao-MD-PhD-2024.2-1-212x300.png 212w, https:\/\/poscardio.uff.br\/wp-content\/uploads\/sites\/14\/2024\/08\/Cartaz-divulgacao-MD-PhD-2024.2-1-768x1086.png 768w, https:\/\/poscardio.uff.br\/wp-content\/uploads\/sites\/14\/2024\/08\/Cartaz-divulgacao-MD-PhD-2024.2-1-1086x1536.png 1086w, https:\/\/poscardio.uff.br\/wp-content\/uploads\/sites\/14\/2024\/08\/Cartaz-divulgacao-MD-PhD-2024.2-1.png 1414w\" sizes=\"(max-width: 724px) 100vw, 724px\" \/><\/figure>\n\n\n\n<p><strong>Processo seletivo:<\/strong><\/p>\n\n\n\n<p><strong><em>2024.2<\/em><\/strong><\/p>\n\n\n\n<p><strong>Solicita\u00e7\u00e3o de isen\u00e7\u00e3o de taxa de inscri\u00e7\u00e3o:<\/strong> 02 e 03\/10<br><strong>Resultado da solicita\u00e7\u00e3o de isen\u00e7\u00e3o de taxa de inscri\u00e7\u00e3o:<\/strong> 04\/10<br><strong>Data das inscri\u00e7\u00f5es:<\/strong> 07\/10 a 14\/10<br><strong>Resultado do deferimento das inscri\u00e7\u00f5es:<\/strong> 16\/10<br><strong>An\u00e1lise da documenta\u00e7\u00e3o:<\/strong> 17\/10<br><strong>Resultado preliminar:<\/strong> 21\/10<br><strong>Prazo final dos recursos:<\/strong> 22\/10<br><strong>Homologa\u00e7\u00e3o de resultado final ap\u00f3s recursos e devidas respostas:<\/strong> 24\/10<\/p>\n\n\n\n<p>E-mail para contato: mdphd.cmm@id.uff.br<\/p>\n\n\n\n<p><strong>P\u00fablico-Alvo:<\/strong><\/p>\n\n\n\n<p>Alunos do Curso de Medicina da Universidade Federal Fluminense egressos do 5\u00ba per\u00edodo, matriculados no 6\u00ba per\u00edodo.<\/p>\n\n\n\n<p>Clique&nbsp;<a href=\"https:\/\/poscardio.uff.br\/wp-content\/uploads\/sites\/14\/2024\/04\/Edital-2024.2-MD-PhD.pdf\" target=\"_blank\" rel=\"noreferrer noopener\">aqui<\/a>&nbsp;para baixar o Edital 2024\/2.<\/p>\n\n\n\n<h2 class=\"wp-block-heading\"><a rel=\"noreferrer noopener\" href=\"https:\/\/poscardio.uff.br\/wp-content\/uploads\/sites\/14\/2023\/08\/Apresentac\u0327a\u0303o-do-Programa-MD-MD-PhD-2023.pdf\" target=\"_blank\">APRESENTA\u00c7\u00c3O DO PROGRAMA MD-PHD 2023<\/a><\/h2>\n\n\n\n<p><a rel=\"noreferrer noopener\" href=\"https:\/\/poscardio.uff.br\/wp-content\/uploads\/sites\/14\/2023\/08\/Regimento-programa-MD-PhD-revisto-1.pdf\" target=\"_blank\">REGIMENTO DO PROGRAMA MD-PHD<\/a><\/p>\n\n\n\n<p>O Programa de Treinamento cient\u00edfico simult\u00e2neo da gradua\u00e7\u00e3o do curso m\u00e9dico com doutorado, tamb\u00e9m conhecido como MD-PhD, \u00e9 oferecido aos estudantes de medicina da Universidade Federal Fluminense (UFF) desde 2017. O programa tem como objetivo formar profissionais altamente qualificados e preparados para contribuir significativamente para o avan\u00e7o do conhecimento m\u00e9dico. Os seus objetivos espec\u00edficos s\u00e3o: 1) formar alunos com vis\u00e3o cr\u00edtica e que saibam empregar o m\u00e9todo cient\u00edfico; 2) preparar o aluno para os desafios de um mundo globalizado, em que a escassez de recursos se imp\u00f5e e em que \u00e9 necess\u00e1ria a vis\u00e3o cr\u00edtica das pr\u00e1ticas; 3) aumentar a entrada de m\u00e9dicos nos programas de p\u00f3s-gradua\u00e7\u00e3o; 4) promover a gera\u00e7\u00e3o e integra\u00e7\u00e3o de conhecimentos na \u00e1rea de pesquisa m\u00e9dica da UFF e; 5) formar recursos humanos qualificados para a assist\u00eancia m\u00e9dica e para a pesquisa no pa\u00eds.<\/p>\n\n\n\n<p>O MD-PhD \u00e9 um programa inovador na Universidade Federal Fluminense, estando no seu sexto ano de funcionamento pleno, entretanto j\u00e1 existe nos USA desde 1956 onde a Case Western ofereceu o programa pioneiro. Hoje existem 44 programas de MD-PhD nos USA. No Brasil a primeira universidade a oferecer este tipo de programa foi a UFRJ, em 2001, tendo sido seguida de UNICAMP, UNIFESP e finalmente pela UFF em 2017. Atualmente outras institui\u00e7\u00f5es oferecem programas similares e ag\u00eancias de fomento como CAPES e FAPESP apoiam estes programas com bolsas.<\/p>\n\n\n\n<p>Uma das principais vantagens do programa MD-PhD \u00e9 a possibilidade de os estudantes adquirirem uma forma\u00e7\u00e3o cient\u00edfica s\u00f3lida e multidisciplinar desde cedo. Durante a gradua\u00e7\u00e3o, os alunos t\u00eam a oportunidade de se envolver em projetos de pesquisa e desenvolver habilidades de investiga\u00e7\u00e3o cient\u00edfica, ao mesmo tempo em que adquirem os conhecimentos cl\u00ednicos necess\u00e1rios para o exerc\u00edcio da medicina. Essa combina\u00e7\u00e3o permite que os estudantes compreendam as bases cient\u00edficas das doen\u00e7as e desenvolvam abordagens inovadoras para o diagn\u00f3stico, preven\u00e7\u00e3o e tratamento. O programa MD-PhD pode ser entendido como uma extens\u00e3o do programa de inicia\u00e7\u00e3o cient\u00edfica e acelera\u00e7\u00e3o de forma\u00e7\u00e3o de m\u00e9dicos cientistas.<\/p>\n\n\n\n<p>O Programa P\u00f3s-Gradua\u00e7\u00e3o em Ci\u00eancias Cardiovasculares (PPGCCV) foi o pioneiro na UFF a propor o MD-PhD tendo titulado no doutorado seu primeiro discente em 2021, Erito Souza Marques Filho, que \u00e9 atualmente professor da Universidade Federal Rural do Rio de Janeiro e professor colaborador da PPGCCV. Mais dois discentes matriculados est\u00e3o j\u00e1 em qualifica\u00e7\u00e3o das suas teses, Leticia Barbetta e Eduardo Oliveira. No total estes dois discentes e o egresso computam 38 artigos publicados em revistas indexadas, uma m\u00e9dia muito superior a encontrada em outros discentes de doutorado, mostrando que o programa pode ter um excelente resultado na forma\u00e7\u00e3o de cientistas com contribui\u00e7\u00f5es para a ci\u00eancia.&nbsp;<\/p>\n\n\n\n<p>Ao longo do programa, os estudantes s\u00e3o incentivados a escolher \u00e1reas de pesquisa que despertem seu interesse e paix\u00e3o. Com a ades\u00e3o do programa de p\u00f3s-gradua\u00e7\u00e3o em Ci\u00eancias M\u00e9dicas em 2023 teremos uma maior diversidade de \u00e1reas de pesquisa, incluindo \u00e1reas outras al\u00e9m das ci\u00eancias cardiovasculares, permitindo que os estudantes ampliem sua vis\u00e3o sobre a medicina, desenvolvam uma compreens\u00e3o abrangente das doen\u00e7as, seus mecanismos fisiopatol\u00f3gicos e formas de tratamento, al\u00e9m de permitir que os estudantes possam abordar problemas complexos de forma integrada.<\/p>\n\n\n\n<p>Outra vantagem significativa do programa MD-PhD \u00e9 o est\u00edmulo \u00e0 colabora\u00e7\u00e3o interdisciplinar. Os estudantes t\u00eam a oportunidade de interagir com pesquisadores e profissionais de diferentes \u00e1reas, como biologia, qu\u00edmica, engenharia, computa\u00e7\u00e3o, bioengenharia e farmacologia. Essa troca de conhecimentos e experi\u00eancias enriquece o aprendizado e abre portas para descobertas e inova\u00e7\u00f5es cient\u00edficas de vanguarda.<\/p>\n\n\n\n<p>\u00c9 importante ressaltar que o programa MD-PhD da UFF \u00e9 altamente seletivo, com um processo de admiss\u00e3o rigoroso e que demanda tr\u00eas fases:<\/p>\n\n\n\n<h2 class=\"wp-block-heading\"><strong>1<sup>a<\/sup> Etapa (do 2<sup>o<\/sup> ao 5<sup>o<\/sup> per\u00edodo):<\/strong><\/h2>\n\n\n\n<p>Corresponde ao est\u00e1gio de inicia\u00e7\u00e3o cient\u00edfica, sob orienta\u00e7\u00e3o de supervisores credenciados pelo Programa, para trabalho em projeto de medicina experimental ou cl\u00ednica, que tenha interface com as \u00e1reas de ci\u00eancias b\u00e1sicas.<\/p>\n\n\n\n<h2 class=\"wp-block-heading\"><strong>2<sup>a<\/sup> Etapa (do 6<sup>o<\/sup> ao 8<sup>o<\/sup> per\u00edodo):<\/strong><\/h2>\n\n\n\n<p>Corresponde a um per\u00edodo mais aprofundado de treinamento, denominado \u201cPrograma de Treinamento Cient\u00edfico\u201d (PTC), a ser cumprido simultaneamente com o curso de gradua\u00e7\u00e3o em medicina entre o 6\u00ba e o 8\u00ba per\u00edodo.<\/p>\n\n\n\n<h2 class=\"wp-block-heading\"><strong>3<sup>a<\/sup> Etapa (in\u00edcio no 9<sup>o<\/sup> per\u00edodo):<\/strong><\/h2>\n\n\n\n<p>Corresponde ao ingresso formal no curso de p\u00f3s-gradua\u00e7\u00e3o (n\u00edvel Doutorado), a ser iniciado simultaneamente com o 9\u00ba per\u00edodo do curso de Gradua\u00e7\u00e3o em medicina.<\/p>\n\n\n\n<p>Para o ingresso na terceira etapa, onde o discente est\u00e1 formalmente matriculado no doutorado, o aluno deve ter conclu\u00eddo o 8\u00ba per\u00edodo do curso de Gradua\u00e7\u00e3o em medicina e ser aprovado no \u201cPrograma de Treinamento Cient\u00edfico\u201d. \u00c9 vedada a conclus\u00e3o do Doutorado em data anterior \u00e0 conclus\u00e3o do curso de Gradua\u00e7\u00e3o em Medicina. No per\u00edodo subsequente \u00e0 conclus\u00e3o do curso de gradua\u00e7\u00e3o em medicina, o aluno dever\u00e1 dedicar-se em tempo integral ao seu projeto de tese. Cada aluno e seu orientador apresentar\u00e3o \u00e0 Comiss\u00e3o Coordenadora um programa de atividades que tenha como objetivo a conclus\u00e3o do Doutorado em at\u00e9 dois anos depois da conclus\u00e3o do curso de gradua\u00e7\u00e3o em medicina. Pelo sucesso observado com os alunos que j\u00e1 cursaram o programa e pelo interesse que tem sido despertado nas novas gera\u00e7\u00f5es de alunos da UFF acreditamos que a expans\u00e3o do programa ser\u00e1 muito ben\u00e9fica com a agrega\u00e7\u00e3o de futuros m\u00e9dicos-cientistas para a sociedade.<\/p>\n\n\n\n<h2 class=\"wp-block-heading\">Concess\u00e3o de Bolsas no Programa MD-PhD do PPGCCV<\/h2>\n\n\n\n<p>O Programa MD-PhD do PPGCCV oferece uma oportunidade \u00fanica para alunos que desejam combinar forma\u00e7\u00e3o m\u00e9dica com um doutorado em Ci\u00eancias Cardiovasculares. A seguir, detalhamos o processo de concess\u00e3o de bolsas para este programa espec\u00edfico.<\/p>\n\n\n\n<h4 class=\"wp-block-heading\">Processo de Sele\u00e7\u00e3o e Elegibilidade para Bolsas<\/h4>\n\n\n\n<p>Os alunos interessados em ingressar no programa MD-PhD passam primeiro pelo Programa de Treinamento Cient\u00edfico (PTC), que \u00e9 exclusivo para este programa. Ap\u00f3s a aprova\u00e7\u00e3o no PTC, os candidatos seguem para o processo seletivo de doutorado, que \u00e9 o mesmo aplicado aos demais candidatos ao doutorado do PPGCCV. Durante este processo, os alunos apresentam seus projetos de pesquisa, que s\u00e3o avaliados por uma banca examinadora.<\/p>\n\n\n\n<p>A concess\u00e3o das bolsas prioriza os alunos que est\u00e3o em regime de dedica\u00e7\u00e3o exclusiva, conforme as instru\u00e7\u00f5es normativas das ag\u00eancias de fomento. A classifica\u00e7\u00e3o dos candidatos no processo seletivo \u00e9 essencial para a aloca\u00e7\u00e3o das bolsas. Os alunos melhor classificados e que se enquadram nos crit\u00e9rios de elegibilidade recebem as bolsas dispon\u00edveis.<\/p>\n\n\n\n<p>No entanto, <strong>\u00e9 importante ressaltar que, no momento, n\u00e3o existem bolsas exclusivas para o programa MD-PhD. Assim, os candidatos do MD-PhD competem pelas mesmas bolsas oferecidas aos demais alunos de doutorado.<\/strong><\/p>\n\n\n\n<h4 class=\"wp-block-heading\">Lista de Espera e Disponibilidade de Bolsas<\/h4>\n\n\n\n<p>Caso o n\u00famero de bolsas dispon\u00edveis seja inferior ao n\u00famero de alunos eleg\u00edveis, os candidatos que n\u00e3o forem contemplados imediatamente ser\u00e3o inclu\u00eddos em uma lista de espera. Essa lista permanece v\u00e1lida at\u00e9 a pr\u00f3xima sele\u00e7\u00e3o, e pode resultar na concess\u00e3o de uma bolsa futuramente, dependendo da disponibilidade. Alunos na lista de espera podem solicitar a revalida\u00e7\u00e3o de sua posi\u00e7\u00e3o conforme necess\u00e1rio, e as orienta\u00e7\u00f5es sobre como realizar essa solicita\u00e7\u00e3o ser\u00e3o divulgadas oportunamente.<\/p>\n\n\n\n<h4 class=\"wp-block-heading\">Revis\u00e3o e Atualiza\u00e7\u00e3o das Pol\u00edticas de Concess\u00e3o de Bolsas<\/h4>\n\n\n\n<p>O PPGCCV recentemente nomeou um Comit\u00ea Gestor, que inclui uma Comiss\u00e3o de Bolsas respons\u00e1vel por revisar e atualizar os crit\u00e9rios de distribui\u00e7\u00e3o de bolsas. Esta revis\u00e3o considera tanto o programa MD-PhD quanto as pol\u00edticas de a\u00e7\u00e3o afirmativa, visando garantir um processo justo e inclusivo. Qualquer atualiza\u00e7\u00e3o nas pol\u00edticas de concess\u00e3o de bolsas ser\u00e1 comunicada amplamente \u00e0 comunidade acad\u00eamica.<\/p>\n\n\n\n<hr class=\"wp-block-separator\" \/>\n\n\n\n<p><strong>Prof. Claudio Tinoco Mesquita<\/strong><\/p>\n\n\n\n<p><strong>Coordenador do Programa de Treinamento Cient\u00edfico \u2013 MD-PhD<\/strong> <strong>da UFF<\/strong><\/p>\n\n\n\n<p>Contato: mdphd.cmm@id.uff.br<\/p>\n","protected":false},"excerpt":{"rendered":"<p>Edital PPGCCV no&nbsp;004-2024 Chamada para Processo Seletivo MD-PhD 2024 PROCESSO SELETIVO CONJUNTO DO PROGRAMA DE INICIA\u00c7\u00c3O CIENT\u00cdFICA E DOS PROGRAMAS DE P\u00d3S-GRADUA\u00c7\u00c3O EM CI\u00caNCIAS CARDIOVASCULARES E EM CI\u00caNCIAS M\u00c9DICAS PARA A INSCRI\u00c7\u00c3O NO PROGRAMA DE TREINAMENTO CIENT\u00cdFICO (PTC) \u2013 PROGRAMA MD-PhD \u2013 CURSO DE MEDICINA UFF Processo seletivo: 2024.2 Solicita\u00e7\u00e3o de isen\u00e7\u00e3o de taxa de [&hellip;]<\/p>\n","protected":false},"author":129,"featured_media":0,"parent":0,"menu_order":0,"comment_status":"closed","ping_status":"closed","template":"","meta":{"_et_pb_use_builder":"","_et_pb_old_content":"","_et_gb_content_width":"","_exactmetrics_skip_tracking":false,"_exactmetrics_sitenote_active":false,"_exactmetrics_sitenote_note":"","_exactmetrics_sitenote_category":0,"footnotes":""},"class_list":["post-6383","page","type-page","status-publish","hentry"],"_links":{"self":[{"href":"https:\/\/poscardio.uff.br\/index.php?rest_route=\/wp\/v2\/pages\/6383","targetHints":{"allow":["GET"]}}],"collection":[{"href":"https:\/\/poscardio.uff.br\/index.php?rest_route=\/wp\/v2\/pages"}],"about":[{"href":"https:\/\/poscardio.uff.br\/index.php?rest_route=\/wp\/v2\/types\/page"}],"author":[{"embeddable":true,"href":"https:\/\/poscardio.uff.br\/index.php?rest_route=\/wp\/v2\/users\/129"}],"replies":[{"embeddable":true,"href":"https:\/\/poscardio.uff.br\/index.php?rest_route=%2Fwp%2Fv2%2Fcomments&post=6383"}],"version-history":[{"count":20,"href":"https:\/\/poscardio.uff.br\/index.php?rest_route=\/wp\/v2\/pages\/6383\/revisions"}],"predecessor-version":[{"id":6992,"href":"https:\/\/poscardio.uff.br\/index.php?rest_route=\/wp\/v2\/pages\/6383\/revisions\/6992"}],"wp:attachment":[{"href":"https:\/\/poscardio.uff.br\/index.php?rest_route=%2Fwp%2Fv2%2Fmedia&parent=6383"}],"curies":[{"name":"wp","href":"https:\/\/api.w.org\/{rel}","templated":true}]}}