{"id":893,"date":"2016-03-11T12:35:53","date_gmt":"2016-03-11T12:35:53","guid":{"rendered":"http:\/\/poscardio.sites.uff.br\/?page_id=893"},"modified":"2022-11-30T15:55:44","modified_gmt":"2022-11-30T15:55:44","slug":"documentos-para-baixar","status":"publish","type":"page","link":"https:\/\/poscardio.uff.br\/?page_id=893","title":{"rendered":"Documentos para baixar"},"content":{"rendered":"\n<ul class=\"wp-block-list\"><li><a href=\"https:\/\/poscardio.uff.br\/wp-content\/uploads\/sites\/14\/2019\/09\/FORMULARIO-AVALIA\u00c7\u00c3O-EXAME-DE-QUALIFICA\u00c7\u00c3O-SEMIN\u00c1RIOS-DE-ACOMPANHAMENTO-DAS-LINHAS-DE-PESQUISA.pdf\">Formul\u00e1rio de exame de qualifica\u00e7\u00e3o &#8211; Semin\u00e1rios de Acompanhamento das Linhas de Pesquisa<\/a><\/li><li><a href=\"https:\/\/poscardio.uff.br\/wp-content\/uploads\/sites\/14\/2019\/09\/FORMUL\u00c1RIO-DE-CADASTRO-DE-BOLSISTA.pdf\">Formul\u00e1rio de cadastramento de bolsista<\/a><\/li><li><a href=\"https:\/\/poscardio.uff.br\/wp-content\/uploads\/sites\/14\/2019\/09\/Formul\u00e1rio-de-solicita\u00e7\u00e3o-de-isen\u00e7\u00e3o-de-taxa-de-inscri\u00e7\u00e3o-para-sele\u00e7\u00e3o-de-mestrado-e-doutorado.pdf\">Formul\u00e1rio de solicita\u00e7\u00e3o de isen\u00e7\u00e3o de taxa de inscri\u00e7\u00e3o<\/a><\/li><li><a href=\"https:\/\/poscardio.uff.br\/wp-content\/uploads\/sites\/14\/2019\/09\/Formulario-qualificac\u0327a\u0303o-mestrado-e-doutorado-.pdf\">Formul\u00e1rio para avalia\u00e7\u00e3o de qualifica\u00e7\u00e3o de Mestrado\/Doutorado<\/a><\/li><li><a href=\"https:\/\/poscardio.uff.br\/wp-content\/uploads\/sites\/14\/2019\/09\/Formul\u00e1rios-Est\u00e1gio-de-Doc\u00eancia.pdf\">Formul\u00e1rios da disciplina Est\u00e1gio de Doc\u00eancia<\/a><\/li><li><a href=\"https:\/\/poscardio.uff.br\/wp-content\/uploads\/sites\/14\/2019\/09\/modelo-de-carta-de-apresentacao.pdf\">Modelo de carta de apresenta\u00e7\u00e3o<\/a><\/li><li><a href=\"https:\/\/poscardio.uff.br\/wp-content\/uploads\/sites\/14\/2019\/09\/modelo-relat\u00f3rio-resumido.pdf\">Modelo de relat\u00f3rio semestral resumido<\/a><\/li><li><a href=\"https:\/\/poscardio.uff.br\/wp-content\/uploads\/sites\/14\/2019\/09\/Novo-Modelo-Termo-Compromisso-DS-2019.pdf\">Novo termo de compromisso de bolsista &#8211; Mestrado e Doutorado<\/a><\/li><li><a href=\"https:\/\/poscardio.uff.br\/wp-content\/uploads\/sites\/14\/2019\/09\/Termo-de-Compromisso-entrega-de-Diploma-.pdf\">Termo de compromisso de entrega de diploma<\/a><\/li><li><a href=\"https:\/\/poscardio.uff.br\/wp-content\/uploads\/sites\/14\/2019\/09\/termo-de-compromisso-matr\u00edcula-doutorado.pdf\">Termo de compromisso de matr\u00edcula &#8211; Doutorado<\/a><\/li><li><a href=\"https:\/\/poscardio.uff.br\/wp-content\/uploads\/sites\/14\/2019\/09\/termo-de-compromisso-mestrado.pdf\">Termo de compromisso de matr\u00edcula &#8211; Mestrado<\/a><\/li><\/ul>\n","protected":false},"excerpt":{"rendered":"<p>Formul\u00e1rio de exame de qualifica\u00e7\u00e3o &#8211; Semin\u00e1rios de Acompanhamento das Linhas de Pesquisa Formul\u00e1rio de cadastramento de bolsista Formul\u00e1rio de solicita\u00e7\u00e3o de isen\u00e7\u00e3o de taxa de inscri\u00e7\u00e3o Formul\u00e1rio para avalia\u00e7\u00e3o de qualifica\u00e7\u00e3o de Mestrado\/Doutorado Formul\u00e1rios da disciplina Est\u00e1gio de Doc\u00eancia Modelo de carta de apresenta\u00e7\u00e3o Modelo de relat\u00f3rio semestral resumido Novo termo de compromisso de [&hellip;]<\/p>\n","protected":false},"author":129,"featured_media":0,"parent":0,"menu_order":0,"comment_status":"closed","ping_status":"closed","template":"","meta":{"_et_pb_use_builder":"","_et_pb_old_content":"","_et_gb_content_width":"","_exactmetrics_skip_tracking":false,"_exactmetrics_sitenote_active":false,"_exactmetrics_sitenote_note":"","_exactmetrics_sitenote_category":0,"footnotes":""},"class_list":["post-893","page","type-page","status-publish","hentry"],"_links":{"self":[{"href":"https:\/\/poscardio.uff.br\/index.php?rest_route=\/wp\/v2\/pages\/893","targetHints":{"allow":["GET"]}}],"collection":[{"href":"https:\/\/poscardio.uff.br\/index.php?rest_route=\/wp\/v2\/pages"}],"about":[{"href":"https:\/\/poscardio.uff.br\/index.php?rest_route=\/wp\/v2\/types\/page"}],"author":[{"embeddable":true,"href":"https:\/\/poscardio.uff.br\/index.php?rest_route=\/wp\/v2\/users\/129"}],"replies":[{"embeddable":true,"href":"https:\/\/poscardio.uff.br\/index.php?rest_route=%2Fwp%2Fv2%2Fcomments&post=893"}],"version-history":[{"count":127,"href":"https:\/\/poscardio.uff.br\/index.php?rest_route=\/wp\/v2\/pages\/893\/revisions"}],"predecessor-version":[{"id":5963,"href":"https:\/\/poscardio.uff.br\/index.php?rest_route=\/wp\/v2\/pages\/893\/revisions\/5963"}],"wp:attachment":[{"href":"https:\/\/poscardio.uff.br\/index.php?rest_route=%2Fwp%2Fv2%2Fmedia&parent=893"}],"curies":[{"name":"wp","href":"https:\/\/api.w.org\/{rel}","templated":true}]}}